{"id":13055,"date":"2022-10-01T20:13:22","date_gmt":"2022-10-01T20:13:22","guid":{"rendered":"https:\/\/farmaciarce.com\/?post_type=product&#038;p=13055"},"modified":"2022-10-01T20:41:11","modified_gmt":"2022-10-01T20:41:11","slug":"azitromicina","status":"publish","type":"product","link":"https:\/\/farmaciarce.com\/en\/product\/azitromicina\/","title":{"rendered":"AZITROMICINA"},"content":{"rendered":"","protected":false},"excerpt":{"rendered":"<p>La azitromicina se usa para tratar ciertas infecciones bacterianas, como la bronquitis, neumon\u00eda, enfermedades de transmisi\u00f3n sexual (ETS) e infecciones de los o\u00eddos, pulmones, senos nasales, piel, garganta y \u00f3rganos reproductivos.<span class=\"Apple-converted-space\">\u00a0<\/span><\/p>\n<p>La azitromicina tambi\u00e9n se usa para tratar o prevenir la infecci\u00f3n diseminada por el complejo\u00a0Mycobacterium avium\u00a0(MAC) [un tipo de infecci\u00f3n pulmonar que a menudo afecta a personas con el virus de inmunodeficiencia humana (VIH)]. La azitromicina pertenece a una clase de medicamentos llamados antibi\u00f3ticos macr\u00f3lidos. Su acci\u00f3n consiste en detener el crecimiento de las bacterias.<\/p>\n<p>Los antibi\u00f3ticos como la azitromicina no act\u00faan para combatir resfriados, influenza u otras infecciones virales. Usar antibi\u00f3ticos cuando no son necesarios aumenta el riesgo de contraer una infecci\u00f3n m\u00e1s adelante que resista el tratamiento antibi\u00f3tico.<\/p>\n","protected":false},"featured_media":12546,"template":"","meta":[],"product_brand":[],"product_cat":[82,267,177],"product_tag":[],"class_list":{"0":"post-13055","1":"product","2":"type-product","3":"status-publish","4":"has-post-thumbnail","6":"product_cat-antibiotics","7":"product_cat-cuba","8":"product_cat-respiratory-diseases","10":"first","11":"instock","12":"featured","13":"taxable","14":"shipping-taxable","15":"product-type-simple"},"_links":{"self":[{"href":"https:\/\/farmaciarce.com\/en\/wp-json\/wp\/v2\/product\/13055","targetHints":{"allow":["GET"]}}],"collection":[{"href":"https:\/\/farmaciarce.com\/en\/wp-json\/wp\/v2\/product"}],"about":[{"href":"https:\/\/farmaciarce.com\/en\/wp-json\/wp\/v2\/types\/product"}],"wp:featuredmedia":[{"embeddable":true,"href":"https:\/\/farmaciarce.com\/en\/wp-json\/wp\/v2\/media\/12546"}],"wp:attachment":[{"href":"https:\/\/farmaciarce.com\/en\/wp-json\/wp\/v2\/media?parent=13055"}],"wp:term":[{"taxonomy":"product_brand","embeddable":true,"href":"https:\/\/farmaciarce.com\/en\/wp-json\/wp\/v2\/product_brand?post=13055"},{"taxonomy":"product_cat","embeddable":true,"href":"https:\/\/farmaciarce.com\/en\/wp-json\/wp\/v2\/product_cat?post=13055"},{"taxonomy":"product_tag","embeddable":true,"href":"https:\/\/farmaciarce.com\/en\/wp-json\/wp\/v2\/product_tag?post=13055"}],"curies":[{"name":"wp","href":"https:\/\/api.w.org\/{rel}","templated":true}]}}