{"id":13053,"date":"2022-10-01T20:09:21","date_gmt":"2022-10-01T20:09:21","guid":{"rendered":"https:\/\/farmaciarce.com\/?post_type=product&#038;p=13053"},"modified":"2022-10-01T20:41:19","modified_gmt":"2022-10-01T20:41:19","slug":"amoxicilina","status":"publish","type":"product","link":"https:\/\/farmaciarce.com\/en\/product\/amoxicilina\/","title":{"rendered":"AMOXICILINA"},"content":{"rendered":"","protected":false},"excerpt":{"rendered":"<p>La amoxicilina se usa para tratar ciertas infecciones causadas por bacterias, como la neumon\u00eda, la bronquitis (infecci\u00f3n de las v\u00edas respiratorias que van a los pulmones) y las infecciones de los o\u00eddos, la nariz, la garganta, las v\u00edas urinarias y la piel. Tambi\u00e9n se usa en combinaci\u00f3n con otros medicamentos para eliminar la\u00a0H. pylori, una bacteria que provoca \u00falceras. La amoxicilina pertenece a una clase de medicamentos llamados antibi\u00f3ticos similares a la penicilina. Su acci\u00f3n consiste en detener el crecimiento de las bacterias.<\/p>\n<p>Los antibi\u00f3ticos como la amoxicilina no act\u00faan para combatir resfriados, influenza y otras infecciones virales. Tomar antibi\u00f3ticos cuando no es necesario aumenta el riesgo de contraer una infecci\u00f3n m\u00e1s adelante que se resista al tratamiento con antibi\u00f3ticos.<\/p>\n","protected":false},"featured_media":12544,"template":"","meta":[],"product_brand":[],"product_cat":[82,267,177],"product_tag":[],"class_list":{"0":"post-13053","1":"product","2":"type-product","3":"status-publish","4":"has-post-thumbnail","6":"product_cat-antibiotics","7":"product_cat-cuba","8":"product_cat-respiratory-diseases","10":"first","11":"instock","12":"featured","13":"taxable","14":"shipping-taxable","15":"product-type-simple"},"_links":{"self":[{"href":"https:\/\/farmaciarce.com\/en\/wp-json\/wp\/v2\/product\/13053","targetHints":{"allow":["GET"]}}],"collection":[{"href":"https:\/\/farmaciarce.com\/en\/wp-json\/wp\/v2\/product"}],"about":[{"href":"https:\/\/farmaciarce.com\/en\/wp-json\/wp\/v2\/types\/product"}],"wp:featuredmedia":[{"embeddable":true,"href":"https:\/\/farmaciarce.com\/en\/wp-json\/wp\/v2\/media\/12544"}],"wp:attachment":[{"href":"https:\/\/farmaciarce.com\/en\/wp-json\/wp\/v2\/media?parent=13053"}],"wp:term":[{"taxonomy":"product_brand","embeddable":true,"href":"https:\/\/farmaciarce.com\/en\/wp-json\/wp\/v2\/product_brand?post=13053"},{"taxonomy":"product_cat","embeddable":true,"href":"https:\/\/farmaciarce.com\/en\/wp-json\/wp\/v2\/product_cat?post=13053"},{"taxonomy":"product_tag","embeddable":true,"href":"https:\/\/farmaciarce.com\/en\/wp-json\/wp\/v2\/product_tag?post=13053"}],"curies":[{"name":"wp","href":"https:\/\/api.w.org\/{rel}","templated":true}]}}